{"id":1448,"date":"2019-12-20T23:06:26","date_gmt":"2019-12-20T22:06:26","guid":{"rendered":"http:\/\/ngotranslate-edu.com\/?page_id=1448"},"modified":"2024-12-20T09:58:18","modified_gmt":"2024-12-20T08:58:18","slug":"service-1","status":"publish","type":"page","link":"https:\/\/ngotranslate-edu.com\/fr\/service-1\/","title":{"rendered":"Service #1"},"content":{"rendered":"<h4 class=\"has-text-align-center service-title-h4\">Traduction<br>R\u00e9vision<br>Relecture<\/h4>\n\n\n\n<p class=\"has-text-align-center\">Traduction juridique<\/p>\n\n\n\n<p class=\"has-text-align-center\">Traduction litt\u00e9raire ax\u00e9e sur la litt\u00e9rature africaine et afro-descendante<\/p>\n\n\n\n<p class=\"has-text-align-center\">R\u00e9vision and Proofreading<\/p>\n\n\n\n<p class=\"has-text-align-center\">(De l'anglais vers le fran\u00e7ais)<\/p>","protected":false},"excerpt":{"rendered":"<p>TranslationRevisionProofreading Legal translation Literary translation focused on African and Afro-descend literature R\u00e9vision and Proofreading (From English to French)<\/p>","protected":false},"author":4,"featured_media":0,"parent":0,"menu_order":0,"comment_status":"closed","ping_status":"closed","template":"","meta":{"_mo_disable_npp":"","spay_email":""},"_links":{"self":[{"href":"https:\/\/ngotranslate-edu.com\/fr\/wp-json\/wp\/v2\/pages\/1448"}],"collection":[{"href":"https:\/\/ngotranslate-edu.com\/fr\/wp-json\/wp\/v2\/pages"}],"about":[{"href":"https:\/\/ngotranslate-edu.com\/fr\/wp-json\/wp\/v2\/types\/page"}],"author":[{"embeddable":true,"href":"https:\/\/ngotranslate-edu.com\/fr\/wp-json\/wp\/v2\/users\/4"}],"replies":[{"embeddable":true,"href":"https:\/\/ngotranslate-edu.com\/fr\/wp-json\/wp\/v2\/comments?post=1448"}],"version-history":[{"count":22,"href":"https:\/\/ngotranslate-edu.com\/fr\/wp-json\/wp\/v2\/pages\/1448\/revisions"}],"predecessor-version":[{"id":3157,"href":"https:\/\/ngotranslate-edu.com\/fr\/wp-json\/wp\/v2\/pages\/1448\/revisions\/3157"}],"wp:attachment":[{"href":"https:\/\/ngotranslate-edu.com\/fr\/wp-json\/wp\/v2\/media?parent=1448"}],"curies":[{"name":"wp","href":"https:\/\/api.w.org\/{rel}","templated":true}]}}